{"id":10574,"date":"2021-08-25T09:00:10","date_gmt":"2021-08-25T05:00:10","guid":{"rendered":"https:\/\/agromotors.az\/contact-us\/"},"modified":"2024-07-26T10:28:52","modified_gmt":"2024-07-26T06:28:52","slug":"contact-us","status":"publish","type":"page","link":"https:\/\/agromotors.az\/az\/contact-us\/","title":{"rendered":"\u018flaq\u0259"},"content":{"rendered":"<div class=\"wpb-content-wrapper\"><p>[vc_row full_width=&#8221;stretch_row_content_no_spaces&#8221; css_animation=&#8221;none&#8221; css=&#8221;.vc_custom_1710472734458{margin-top: -40px !important;}&#8221; mobile_bg_img_hidden=&#8221;no&#8221; tablet_bg_img_hidden=&#8221;no&#8221; woodmart_parallax=&#8221;0&#8243; woodmart_gradient_switch=&#8221;no&#8221; row_reverse_mobile=&#8221;0&#8243; row_reverse_tablet=&#8221;0&#8243; woodmart_disable_overflow=&#8221;0&#8243; woodmart_css_id=&#8221;65f3be19d3078&#8243; responsive_spacing=&#8221;eyJwYXJhbV90eXBlIjoid29vZG1hcnRfcmVzcG9uc2l2ZV9zcGFjaW5nIiwic2VsZWN0b3JfaWQiOiI2NWYzYmUxOWQzMDc4Iiwic2hvcnRjb2RlIjoidmNfcm93IiwiZGF0YSI6eyJ0YWJsZXQiOnt9LCJtb2JpbGUiOnt9fX0=&#8221; woodmart_box_shadow=&#8221;no&#8221; wd_z_index=&#8221;no&#8221;][vc_column offset=&#8221;vc_hidden-xs&#8221; mobile_bg_img_hidden=&#8221;no&#8221; tablet_bg_img_hidden=&#8221;no&#8221; woodmart_parallax=&#8221;0&#8243; woodmart_sticky_column=&#8221;false&#8221; parallax_scroll=&#8221;no&#8221; mobile_reset_margin=&#8221;no&#8221; tablet_reset_margin=&#8221;no&#8221; css=&#8221;.vc_custom_1607030834363{padding-right: 5px !important;}&#8221;][vc_gmaps link=&#8221;#E-8_JTNDaWZyYW1lJTIwc3JjJTNEJTIyaHR0cHMlM0ElMkYlMkZ3d3cuZ29vZ2xlLmNvbSUyRm1hcHMlMkZlbWJlZCUzRnBiJTNEJTIxMW0xOCUyMTFtMTIlMjExbTMlMjExZDI4OTQyLjQzNjU5MTk5MTU0NCUyMTJkNDkuNzA2MDExNjM2MDE1ODQ1JTIxM2Q0MC4zMTU3NDMxMTAzNzAwOCUyMTJtMyUyMTFmMCUyMTJmMCUyMTNmMCUyMTNtMiUyMTFpMTAyNCUyMTJpNzY4JTIxNGYxMy4xJTIxM20zJTIxMW0yJTIxMXMweDQwM2E4MDJhY2E0NWQwZTUlMjUzQTB4NGYxMjRjZDdmNTI5YjdkZCUyMTJzTG9rYmF0YW4lMjE1ZTAlMjEzbTIlMjExc3J1JTIxMnNheiUyMTR2MTcxMDQ3NDE0MTY0OSUyMTVtMiUyMTFzcnUlMjEyc2F6JTIyJTIwd2lkdGglM0QlMjIxMDAlMjUlMjIlMjBoZWlnaHQlM0QlMjIzMDAlMjIlMjBzdHlsZSUzRCUyMmJvcmRlciUzQTAlM0IlMjIlMjBhbGxvd2Z1bGxzY3JlZW4lM0QlMjIlMjIlMjBsb2FkaW5nJTNEJTIybGF6eSUyMiUyMHJlZmVycmVycG9saWN5JTNEJTIybm8tcmVmZXJyZXItd2hlbi1kb3duZ3JhZGUlMjIlM0UlM0MlMkZpZnJhbWUlM0U=&#8221;][\/vc_column][\/vc_row][vc_row equal_height=&#8221;yes&#8221; css_animation=&#8221;none&#8221; css=&#8221;.vc_custom_1496926452255{margin-right: -50px !important;margin-left: -50px !important;}&#8221;][vc_column css=&#8221;.vc_custom_1496927710186{border-right-width: 1px !important;padding-top: 20px !important;padding-right: 50px !important;padding-bottom: 10px !important;padding-left: 50px !important;border-right-color: #e8e8e8 !important;border-right-style: solid !important;}&#8221; offset=&#8221;vc_col-lg-6 vc_col-md-6&#8243;]\t\t\t<link rel=\"stylesheet\" id=\"wd-section-title-css\" href=\"https:\/\/agromotors.az\/wp-content\/themes\/woodmart\/css\/parts\/el-section-title.min.css?ver=7.4.3\" type=\"text\/css\" media=\"all\" \/> \t\t\t\t\t\t<link rel=\"stylesheet\" id=\"wd-section-title-style-under-and-over-css\" href=\"https:\/\/agromotors.az\/wp-content\/themes\/woodmart\/css\/parts\/el-section-title-style-under-and-over.min.css?ver=7.4.3\" type=\"text\/css\" media=\"all\" \/> \t\t\t\t\t\t<link rel=\"stylesheet\" id=\"wd-mod-highlighted-text-css\" href=\"https:\/\/agromotors.az\/wp-content\/themes\/woodmart\/css\/parts\/mod-highlighted-text.min.css?ver=7.4.3\" type=\"text\/css\" media=\"all\" \/> \t\t\t\n\t\t<div id=\"wd-65f3ca5991b8a\" class=\"title-wrapper wd-wpb set-mb-s reset-last-child  wd-rs-65f3ca5991b8a wd-title-color-primary wd-title-style-underlined text-left  wd-underline-colored\">\n\t\t\t\n\t\t\t<div class=\"liner-continer\">\n\t\t\t\t<h4 class=\"woodmart-title-container title  wd-font-weight-400 wd-fontsize-l\" >\u018flaq\u0259<\/h4>\n\t\t\t\t\t\t\t<\/div>\n\t\t\t\n\t\t\t\n\t\t\t\n\t\t<\/div>\n\t\t\n\t\t[vc_row_inner][vc_column_inner][vc_empty_space height=&#8221;20px&#8221; woodmart_hide_large=&#8221;0&#8243; woodmart_hide_medium=&#8221;0&#8243; woodmart_hide_small=&#8221;0&#8243; woodmart_hide_extra_small=&#8221;0&#8243;]\t\t\t<link rel=\"stylesheet\" id=\"wd-list-css\" href=\"https:\/\/agromotors.az\/wp-content\/themes\/woodmart\/css\/parts\/el-list.min.css?ver=7.4.3\" type=\"text\/css\" media=\"all\" \/> \t\t\t\n\t\t<ul class=\" wd-rs-65f3bfa38b842 wd-list wd-wpb color-scheme- wd-fontsize-xs wd-list-type-icon wd-list-style-default wd-justify-left \" id=\"wd-65f3bfa38b842\">\n\t\t\t\t\t\t\t\t\t\t\t<li>\n\t\t\t\t\t<span class=\"list-icon wd-icon fas fa-map-marker-alt\"><\/span>\n\t\t\t\t\t<span class=\"list-content\">Bak\u0131 \u015f\u0259h. Qarada\u011f ray., L\u00f6kbatan q\u0259s. Xocas\u0259n yolu 158<\/span>\n\t\t\t\t\t\t\t\t\t<\/li>\n\t\t\t\t\t<\/ul>\n\t\t\n\t\t<ul class=\" wd-rs-66a342143a9d6 wd-list wd-wpb color-scheme- wd-fontsize-xs wd-list-type-icon wd-list-style-default wd-justify-left \" id=\"wd-66a342143a9d6\">\n\t\t\t\t\t\t\t\t\t\t\t<li>\n\t\t\t\t\t<span class=\"list-icon wd-icon fas fa-mobile-alt\"><\/span>\n\t\t\t\t\t<span class=\"list-content\">(+994-51) 244-99-88, (+994-12) 445-60-80<\/span>\n\t\t\t\t\t\t\t\t\t<\/li>\n\t\t\t\t\t<\/ul>\n\t\t\n\t\t<ul class=\" wd-rs-65f3bfd600225 wd-list wd-wpb color-scheme- wd-fontsize-xs wd-list-type-icon wd-list-style-default wd-justify-left \" id=\"wd-65f3bfd600225\">\n\t\t\t\t\t\t\t\t\t\t\t<li>\n\t\t\t\t\t<span class=\"list-icon wd-icon far fa-envelope\"><\/span>\n\t\t\t\t\t<span class=\"list-content\">info@agromotors.az<\/span>\n\t\t\t\t\t\t\t\t\t<\/li>\n\t\t\t\t\t<\/ul>\n\t\t[\/vc_column_inner][\/vc_row_inner][vc_empty_space height=&#8221;40px&#8221; woodmart_hide_large=&#8221;0&#8243; woodmart_hide_medium=&#8221;0&#8243; woodmart_hide_small=&#8221;0&#8243; woodmart_hide_extra_small=&#8221;0&#8243;]\n\t\t<div id=\"wd-65f3ca12e4904\" class=\"title-wrapper wd-wpb set-mb-s reset-last-child  wd-rs-65f3ca12e4904 wd-title-color-primary wd-title-style-underlined text-left  wd-underline-colored\">\n\t\t\t\n\t\t\t<div class=\"liner-continer\">\n\t\t\t\t<h4 class=\"woodmart-title-container title  wd-font-weight-400 wd-fontsize-l\" >Sosial \u015f\u0259b\u0259k\u0259l\u0259r<\/h4>\n\t\t\t\t\t\t\t<\/div>\n\t\t\t\n\t\t\t\n\t\t\t\n\t\t<\/div>\n\t\t\n\t\t\t\t\t<link rel=\"stylesheet\" id=\"wd-social-icons-css\" href=\"https:\/\/agromotors.az\/wp-content\/themes\/woodmart\/css\/parts\/el-social-icons.min.css?ver=7.4.3\" type=\"text\/css\" media=\"all\" \/> \t\t\t\n\t\t\t<div class=\" wd-social-icons  icons-design-colored-alt icons-size-default color-scheme-dark social-follow social-form-circle text-left\">\n\n\t\t\t\t\n\t\t\t\t\t\t\t\t\t<a rel=\"noopener noreferrer nofollow\" href=\"https:\/\/www.facebook.com\/profile.php?id=100086287688864&#038;mibextid=ZbWKwL\" target=\"_blank\" class=\" wd-social-icon social-facebook\" aria-label=\"Facebook social link\">\n\t\t\t\t\t\t<span class=\"wd-icon\"><\/span>\n\t\t\t\t\t\t\t\t\t\t\t<\/a>\n\t\t\t\t\n\t\t\t\t\n\t\t\t\t\n\t\t\t\t\t\t\t\t\t<a rel=\"noopener noreferrer nofollow\" href=\"https:\/\/www.instagram.com\/agromotorsazerbaijan?igsh=dnNhejl0cmZ5dTls\" target=\"_blank\" class=\" wd-social-icon social-instagram\" aria-label=\"Instagram social link\">\n\t\t\t\t\t\t<span class=\"wd-icon\"><\/span>\n\t\t\t\t\t\t\t\t\t\t\t<\/a>\n\t\t\t\t\n\t\t\t\t\t\t\t\t\t<a rel=\"noopener noreferrer nofollow\" href=\"https:\/\/youtube.com\/@agromotorsazerbaijan5384?si=bbP_ENLA66RaOyZa\" target=\"_blank\" class=\" wd-social-icon social-youtube\" aria-label=\"YouTube social link\">\n\t\t\t\t\t\t<span class=\"wd-icon\"><\/span>\n\t\t\t\t\t\t\t\t\t\t\t<\/a>\n\t\t\t\t\n\t\t\t\t\n\t\t\t\t\n\t\t\t\t\t\t\t\t\t<a rel=\"noopener noreferrer nofollow\" href=\"https:\/\/www.linkedin.com\/company\/agromotors-azerbaijan\/\" target=\"_blank\" class=\" wd-social-icon social-linkedin\" aria-label=\"Linkedin social link\">\n\t\t\t\t\t\t<span class=\"wd-icon\"><\/span>\n\t\t\t\t\t\t\t\t\t\t\t<\/a>\n\t\t\t\t\n\t\t\t\t\n\t\t\t\t\n\t\t\t\t\n\t\t\t\t\n\t\t\t\t\n\t\t\t\t\n\t\t\t\t\n\t\t\t\t\n\t\t\t\t\n\t\t\t\t\t\t\t\t\n\t\t\t\t\t\t\t\t\n\t\t\t\t\n\t\t\t\t\n\t\t\t\t\t\t\t\t\n\t\t\t\t\n\t\t\t<\/div>\n\n\t\t[vc_empty_space height=&#8221;40px&#8221; woodmart_hide_large=&#8221;0&#8243; woodmart_hide_medium=&#8221;0&#8243; woodmart_hide_small=&#8221;0&#8243; woodmart_hide_extra_small=&#8221;0&#8243;][\/vc_column][vc_column css=&#8221;.vc_custom_1496927688909{padding-top: 20px !important;padding-right: 50px !important;padding-bottom: 10px !important;padding-left: 50px !important;}&#8221; offset=&#8221;vc_col-lg-6 vc_col-md-6&#8243;]\n\t\t<div id=\"wd-65f3ca4ba21e3\" class=\"title-wrapper wd-wpb set-mb-s reset-last-child  wd-rs-65f3ca4ba21e3 wd-title-color-primary wd-title-style-underlined text-left  wd-underline-colored\">\n\t\t\t\n\t\t\t<div class=\"liner-continer\">\n\t\t\t\t<h4 class=\"woodmart-title-container title  wd-font-weight-400 wd-fontsize-l\" >Biz\u0259 yaz\u0131n<\/h4>\n\t\t\t\t\t\t\t<\/div>\n\t\t\t\n\t\t\t\n\t\t\t\n\t\t<\/div>\n\t\t\n\t\t\n<div class=\"wpcf7 no-js\" id=\"wpcf7-f10837-o1\" lang=\"en-US\" dir=\"ltr\" data-wpcf7-id=\"10837\">\n<div class=\"screen-reader-response\"><p role=\"status\" aria-live=\"polite\" aria-atomic=\"true\"><\/p> <ul><\/ul><\/div>\n<form action=\"\/az\/wp-json\/wp\/v2\/pages\/10574#wpcf7-f10837-o1\" method=\"post\" class=\"wpcf7-form init\" aria-label=\"Contact form\" novalidate=\"novalidate\" data-status=\"init\">\n<fieldset class=\"hidden-fields-container\"><input type=\"hidden\" name=\"_wpcf7\" value=\"10837\" \/><input type=\"hidden\" name=\"_wpcf7_version\" value=\"6.1.2\" \/><input type=\"hidden\" name=\"_wpcf7_locale\" value=\"en_US\" \/><input type=\"hidden\" name=\"_wpcf7_unit_tag\" value=\"wpcf7-f10837-o1\" \/><input type=\"hidden\" name=\"_wpcf7_container_post\" value=\"0\" \/><input type=\"hidden\" name=\"_wpcf7_posted_data_hash\" value=\"\" \/>\n<\/fieldset>\n<div class=\"row\">\n\t<div class=\"col-md-6\" style='margin-bottom:20px;'>\n\t\t<p><span class=\"wpcf7-form-control-wrap\" data-name=\"your-name\"><input size=\"40\" maxlength=\"400\" class=\"wpcf7-form-control wpcf7-text wpcf7-validates-as-required\" aria-required=\"true\" aria-invalid=\"false\" placeholder=\"Ad\u0131n\u0131z\" value=\"\" type=\"text\" name=\"your-name\" \/><\/span>\n\t\t<\/p>\n\t<\/div>\n\t<div class=\"col-md-6\" style='margin-bottom:20px;'>\n\t\t<p><span class=\"wpcf7-form-control-wrap\" data-name=\"your-company\"><input size=\"40\" maxlength=\"400\" class=\"wpcf7-form-control wpcf7-text wpcf7-validates-as-required\" aria-required=\"true\" aria-invalid=\"false\" placeholder=\"T\u0259\u015fkilat\u0131n ad\u0131\" value=\"\" type=\"text\" name=\"your-company\" \/><\/span>\n\t\t<\/p>\n\t<\/div>\n<\/div>\n<div class=\"row\">\n\t<div class=\"col-md-6\" style='margin-bottom:20px;'>\n\t\t<p><span class=\"wpcf7-form-control-wrap\" data-name=\"your-email\"><input size=\"40\" maxlength=\"400\" class=\"wpcf7-form-control wpcf7-email wpcf7-validates-as-required wpcf7-text wpcf7-validates-as-email\" aria-required=\"true\" aria-invalid=\"false\" placeholder=\"Elektron po\u00e7t\" value=\"\" type=\"email\" name=\"your-email\" \/><\/span>\n\t\t<\/p>\n\t<\/div>\n\t<div class=\"col-md-6\" style='margin-bottom:20px;'>\n\t\t<p><span class=\"wpcf7-form-control-wrap\" data-name=\"phonetext-510\"><input size=\"40\" class=\"wpcf7-form-control wpcf7-phonetext wpcf7-text wpcf7-validates-as-phonetext\" aria-invalid=\"false\" value=\"Telefon n\u00f6mr\u0259niz\" type=\"text\" name=\"phonetext-510\" \/><input type=\"hidden\" name=\"phonetext-510-country-code\" class=\"wpcf7-phonetext-country-code\" \/><\/span>\n\t\t<\/p>\n\t<\/div>\n<\/div>\n<div class=\"row\">\n\t<div class=\"col-md-12\" style='margin-bottom:20px;'>\n\t\t<p><span class=\"wpcf7-form-control-wrap\" data-name=\"your-message\"><textarea cols=\"40\" rows=\"10\" maxlength=\"2000\" class=\"wpcf7-form-control wpcf7-textarea wpcf7-validates-as-required\" aria-required=\"true\" aria-invalid=\"false\" placeholder=\"Mesaj\" name=\"your-message\"><\/textarea><\/span>\n\t\t<\/p>\n\t<\/div>\n\t<div class=\"col-md-12\" style='margin-bottom:20px;'>\n\t\t<p><span class=\"wpcf7-form-control-wrap\" data-name=\"acceptance-28\"><span class=\"wpcf7-form-control wpcf7-acceptance\"><span class=\"wpcf7-list-item\"><label><input type=\"checkbox\" name=\"acceptance-28\" value=\"1\" aria-invalid=\"false\" \/><span class=\"wpcf7-list-item-label\">\u015e\u0259xsi m\u0259lumatlar\u0131n <a href=\"\/az\/privacy-policy\/\" target=\"_blank\"> i\u015fl\u0259m\u0259 \u015f\u0259rtl\u0259ri <\/a> il\u0259 raz\u0131yam<\/span><\/label><\/span><\/span><\/span>\n\t\t<\/p>\n\t<\/div>\n<\/div>\n<div class=\"row\">\n\t<div class=\"col-md-12\" style='margin-bottom:20px;'>\n\t\t<p><input class=\"wpcf7-form-control wpcf7-submit has-spinner btn-color-black\" type=\"submit\" value=\"G\u00f6nd\u0259r\" \/>\n\t\t<\/p>\n\t<\/div>\n<\/div><div class=\"wpcf7-response-output\" aria-hidden=\"true\"><\/div>\n<\/form>\n<\/div>\n[\/vc_column][\/vc_row]<\/p>\n<\/div>","protected":false},"excerpt":{"rendered":"<p>[vc_row full_width=&#8221;stretch_row_content_no_spaces&#8221; css_animation=&#8221;none&#8221; css=&#8221;.vc_custom_1710472734458{margin-top: -40px !important;}&#8221; mobile_bg_img_hidden=&#8221;no&#8221; tablet_bg_img_hidden=&#8221;no&#8221; woodmart_parallax=&#8221;0&#8243; woodmart_gradient_switch=&#8221;no&#8221; row_reverse_mobile=&#8221;0&#8243; row_reverse_tablet=&#8221;0&#8243; woodmart_disable_overflow=&#8221;0&#8243; woodmart_css_id=&#8221;65f3be19d3078&#8243; responsive_spacing=&#8221;eyJwYXJhbV90eXBlIjoid29vZG1hcnRfcmVzcG9uc2l2ZV9zcGFjaW5nIiwic2VsZWN0b3JfaWQiOiI2NWYzYmUxOWQzMDc4Iiwic2hvcnRjb2RlIjoidmNfcm93IiwiZGF0YSI6eyJ0YWJsZXQiOnt9LCJtb2JpbGUiOnt9fX0=&#8221; woodmart_box_shadow=&#8221;no&#8221; wd_z_index=&#8221;no&#8221;][vc_column offset=&#8221;vc_hidden-xs&#8221; mobile_bg_img_hidden=&#8221;no&#8221; tablet_bg_img_hidden=&#8221;no&#8221;<\/p>\n","protected":false},"author":1,"featured_media":0,"parent":0,"menu_order":0,"comment_status":"closed","ping_status":"closed","template":"","meta":{"footnotes":""},"class_list":["post-10574","page","type-page","status-publish","hentry"],"_links":{"self":[{"href":"https:\/\/agromotors.az\/az\/wp-json\/wp\/v2\/pages\/10574","targetHints":{"allow":["GET"]}}],"collection":[{"href":"https:\/\/agromotors.az\/az\/wp-json\/wp\/v2\/pages"}],"about":[{"href":"https:\/\/agromotors.az\/az\/wp-json\/wp\/v2\/types\/page"}],"author":[{"embeddable":true,"href":"https:\/\/agromotors.az\/az\/wp-json\/wp\/v2\/users\/1"}],"replies":[{"embeddable":true,"href":"https:\/\/agromotors.az\/az\/wp-json\/wp\/v2\/comments?post=10574"}],"version-history":[{"count":12,"href":"https:\/\/agromotors.az\/az\/wp-json\/wp\/v2\/pages\/10574\/revisions"}],"predecessor-version":[{"id":11019,"href":"https:\/\/agromotors.az\/az\/wp-json\/wp\/v2\/pages\/10574\/revisions\/11019"}],"wp:attachment":[{"href":"https:\/\/agromotors.az\/az\/wp-json\/wp\/v2\/media?parent=10574"}],"curies":[{"name":"wp","href":"https:\/\/api.w.org\/{rel}","templated":true}]}}