{"id":10643,"date":"2024-02-11T13:19:16","date_gmt":"2024-02-11T09:19:16","guid":{"rendered":"https:\/\/agromotors.az\/service\/"},"modified":"2024-06-19T02:52:28","modified_gmt":"2024-06-18T22:52:28","slug":"service","status":"publish","type":"page","link":"https:\/\/agromotors.az\/az\/service\/","title":{"rendered":"Xidm\u0259tl\u0259r"},"content":{"rendered":"<div class=\"wpb-content-wrapper\"><p>[vc_row][vc_column width=&#8221;1\/2&#8243;]\t\t\t<link rel=\"stylesheet\" id=\"wd-swiper-css\" href=\"https:\/\/agromotors.az\/wp-content\/themes\/woodmart\/css\/parts\/lib-swiper.min.css?ver=7.4.3\" type=\"text\/css\" media=\"all\" \/> \t\t\t\t\t\t<link rel=\"stylesheet\" id=\"wd-image-gallery-css\" href=\"https:\/\/agromotors.az\/wp-content\/themes\/woodmart\/css\/parts\/el-gallery.min.css?ver=7.4.3\" type=\"text\/css\" media=\"all\" \/> \t\t\t\t\t<div id=\"gallery_900\" class=\"wd-images-gallery wd-wpb wd-rs-66720f4ca72c7 wd-carousel-container wd-wpb\" style=\"--wd-justify-content:center;--wd-align-items:center;\">\n\t\t\t\t\t\t\t<div class=\"wd-carousel-inner\">\n\t\t\t\n\t\t\t<div class=\" wd-carousel wd-grid\"data-speed=\"5000\" data-wrap=\"yes\" data-autoplay=\"yes\" data-scroll_per_page=\"yes\" style=\"--wd-col-lg:1;--wd-col-md:1;--wd-col-sm:1;--wd-gap-lg:0px;\">\n\t\t\t\t\t\t\t\t\t<div class=\"wd-carousel-wrap\">\n\t\t\t\t\n\t\t\t\t\t\t\t\t\t\t\t\t\t\t\t<div class=\"wd-gallery-item wd-carousel-item\">\n\t\t\t\t\t\t\t\n\t\t\t\t\t\t\t\t<img loading=\"lazy\" decoding=\"async\" width=\"960\" height=\"1280\" src=\"https:\/\/agromotors.az\/wp-content\/uploads\/2024\/06\/Service-4.jpg\" class=\"wd-gallery-image image-1\" alt=\"\" srcset=\"https:\/\/agromotors.az\/wp-content\/uploads\/2024\/06\/Service-4.jpg 960w, https:\/\/agromotors.az\/wp-content\/uploads\/2024\/06\/Service-4-225x300.jpg 225w, https:\/\/agromotors.az\/wp-content\/uploads\/2024\/06\/Service-4-600x800.jpg 600w, https:\/\/agromotors.az\/wp-content\/uploads\/2024\/06\/Service-4-768x1024.jpg 768w, https:\/\/agromotors.az\/wp-content\/uploads\/2024\/06\/Service-4-860x1147.jpg 860w, https:\/\/agromotors.az\/wp-content\/uploads\/2024\/06\/Service-4-430x573.jpg 430w, https:\/\/agromotors.az\/wp-content\/uploads\/2024\/06\/Service-4-700x933.jpg 700w, https:\/\/agromotors.az\/wp-content\/uploads\/2024\/06\/Service-4-150x200.jpg 150w\" sizes=\"auto, (max-width: 960px) 100vw, 960px\" \/>\n\t\t\t\t\t\t\t\t\t\t\t\t\t\t<\/div>\n\t\t\t\t\t\t\t\t\t\t\t<div class=\"wd-gallery-item wd-carousel-item\">\n\t\t\t\t\t\t\t\n\t\t\t\t\t\t\t\t<img loading=\"lazy\" decoding=\"async\" width=\"1200\" height=\"1600\" src=\"https:\/\/agromotors.az\/wp-content\/uploads\/2024\/06\/Service-2.jpg\" class=\"wd-gallery-image image-2\" alt=\"\" srcset=\"https:\/\/agromotors.az\/wp-content\/uploads\/2024\/06\/Service-2.jpg 1200w, https:\/\/agromotors.az\/wp-content\/uploads\/2024\/06\/Service-2-225x300.jpg 225w, https:\/\/agromotors.az\/wp-content\/uploads\/2024\/06\/Service-2-600x800.jpg 600w, https:\/\/agromotors.az\/wp-content\/uploads\/2024\/06\/Service-2-768x1024.jpg 768w, https:\/\/agromotors.az\/wp-content\/uploads\/2024\/06\/Service-2-1152x1536.jpg 1152w, https:\/\/agromotors.az\/wp-content\/uploads\/2024\/06\/Service-2-860x1147.jpg 860w, https:\/\/agromotors.az\/wp-content\/uploads\/2024\/06\/Service-2-430x573.jpg 430w, https:\/\/agromotors.az\/wp-content\/uploads\/2024\/06\/Service-2-700x933.jpg 700w, https:\/\/agromotors.az\/wp-content\/uploads\/2024\/06\/Service-2-150x200.jpg 150w\" sizes=\"auto, (max-width: 1200px) 100vw, 1200px\" \/>\n\t\t\t\t\t\t\t\t\t\t\t\t\t\t<\/div>\n\t\t\t\t\t\t\t\t\t\t\t<div class=\"wd-gallery-item wd-carousel-item\">\n\t\t\t\t\t\t\t\n\t\t\t\t\t\t\t\t<img loading=\"lazy\" decoding=\"async\" width=\"1600\" height=\"1200\" src=\"https:\/\/agromotors.az\/wp-content\/uploads\/2024\/06\/Service-5.jpg\" class=\"wd-gallery-image image-3\" alt=\"\" srcset=\"https:\/\/agromotors.az\/wp-content\/uploads\/2024\/06\/Service-5.jpg 1600w, https:\/\/agromotors.az\/wp-content\/uploads\/2024\/06\/Service-5-400x300.jpg 400w, https:\/\/agromotors.az\/wp-content\/uploads\/2024\/06\/Service-5-1067x800.jpg 1067w, https:\/\/agromotors.az\/wp-content\/uploads\/2024\/06\/Service-5-768x576.jpg 768w, https:\/\/agromotors.az\/wp-content\/uploads\/2024\/06\/Service-5-1536x1152.jpg 1536w, https:\/\/agromotors.az\/wp-content\/uploads\/2024\/06\/Service-5-860x645.jpg 860w, https:\/\/agromotors.az\/wp-content\/uploads\/2024\/06\/Service-5-430x323.jpg 430w, https:\/\/agromotors.az\/wp-content\/uploads\/2024\/06\/Service-5-700x525.jpg 700w, https:\/\/agromotors.az\/wp-content\/uploads\/2024\/06\/Service-5-150x113.jpg 150w\" sizes=\"auto, (max-width: 1600px) 100vw, 1600px\" \/>\n\t\t\t\t\t\t\t\t\t\t\t\t\t\t<\/div>\n\t\t\t\t\t\t\t\t\t\t\t<div class=\"wd-gallery-item wd-carousel-item\">\n\t\t\t\t\t\t\t\n\t\t\t\t\t\t\t\t<img loading=\"lazy\" decoding=\"async\" width=\"1600\" height=\"1200\" src=\"https:\/\/agromotors.az\/wp-content\/uploads\/2024\/05\/Service-3.jpg\" class=\"wd-gallery-image image-4\" alt=\"\" srcset=\"https:\/\/agromotors.az\/wp-content\/uploads\/2024\/05\/Service-3.jpg 1600w, https:\/\/agromotors.az\/wp-content\/uploads\/2024\/05\/Service-3-400x300.jpg 400w, https:\/\/agromotors.az\/wp-content\/uploads\/2024\/05\/Service-3-1067x800.jpg 1067w, https:\/\/agromotors.az\/wp-content\/uploads\/2024\/05\/Service-3-768x576.jpg 768w, https:\/\/agromotors.az\/wp-content\/uploads\/2024\/05\/Service-3-1536x1152.jpg 1536w, https:\/\/agromotors.az\/wp-content\/uploads\/2024\/05\/Service-3-860x645.jpg 860w, https:\/\/agromotors.az\/wp-content\/uploads\/2024\/05\/Service-3-430x323.jpg 430w, https:\/\/agromotors.az\/wp-content\/uploads\/2024\/05\/Service-3-700x525.jpg 700w, https:\/\/agromotors.az\/wp-content\/uploads\/2024\/05\/Service-3-150x113.jpg 150w\" sizes=\"auto, (max-width: 1600px) 100vw, 1600px\" \/>\n\t\t\t\t\t\t\t\t\t\t\t\t\t\t<\/div>\n\t\t\t\t\t\t\t\t\t\n\t\t\t\t\t\t\t\t\t<\/div>\n\t\t\t\t\t\t\t<\/div>\n\n\t\t\t\t\t\t\t\t\t\t\t\t\t\t<div class=\"wd-nav-arrows wd-pos-sep wd-hover-1 wd-icon-1\">\n\t\t\t<div class=\"wd-btn-arrow wd-prev wd-disabled\">\n\t\t\t\t<div class=\"wd-arrow-inner\"><\/div>\n\t\t\t<\/div>\n\t\t\t<div class=\"wd-btn-arrow wd-next\">\n\t\t\t\t<div class=\"wd-arrow-inner\"><\/div>\n\t\t\t<\/div>\n\t\t<\/div>\n\t\t\t\t\t<link rel=\"stylesheet\" id=\"wd-swiper-arrows-css\" href=\"https:\/\/agromotors.az\/wp-content\/themes\/woodmart\/css\/parts\/lib-swiper-arrows.min.css?ver=7.4.3\" type=\"text\/css\" media=\"all\" \/> \t\t\t\t\t\t\t\n\t\t\t\t<\/div>\n\n\t\t\t\t\t\t\t\t\t\t\t\t\t<\/div>\n\t\t[\/vc_column][vc_column width=&#8221;1\/2&#8243;][vc_column_text css=&#8221;&#8221; woodmart_inline=&#8221;no&#8221; text_larger=&#8221;no&#8221;]Bizim xidm\u0259timiz avadanl\u0131qlar\u0131n\u0131z\u0131 \u0259n yax\u015f\u0131 v\u0259ziyy\u0259td\u0259 saxlay\u0131r. Bizi ziyar\u0259t etm\u0259yinizd\u0259n v\u0259 ya mobil xidm\u0259timizi se\u00e7m\u0259yinizd\u0259n as\u0131l\u0131 olmayaraq, t\u0259cr\u00fcb\u0259li komandam\u0131z texnikalar\u0131n\u0131z\u0131n r\u0259van i\u015fl\u0259m\u0259sini t\u0259min edir, dayanma m\u00fcdd\u0259tini minimuma endirir v\u0259 harada olursunuzsa olun, m\u0259hsuldarl\u0131\u011f\u0131 art\u0131r\u0131r.[\/vc_column_text][\/vc_column][\/vc_row]<\/p>\n<\/div>","protected":false},"excerpt":{"rendered":"<p>[vc_row][vc_column width=&#8221;1\/2&#8243;][\/vc_column][vc_column width=&#8221;1\/2&#8243;][vc_column_text css=&#8221;&#8221; woodmart_inline=&#8221;no&#8221; text_larger=&#8221;no&#8221;]Bizim xidm\u0259timiz avadanl\u0131qlar\u0131n\u0131z\u0131 \u0259n yax\u015f\u0131 v\u0259ziyy\u0259td\u0259 saxlay\u0131r. Bizi ziyar\u0259t etm\u0259yinizd\u0259n v\u0259 ya mobil xidm\u0259timizi se\u00e7m\u0259yinizd\u0259n<\/p>\n","protected":false},"author":1,"featured_media":0,"parent":0,"menu_order":0,"comment_status":"closed","ping_status":"closed","template":"","meta":{"footnotes":""},"class_list":["post-10643","page","type-page","status-publish","hentry"],"_links":{"self":[{"href":"https:\/\/agromotors.az\/az\/wp-json\/wp\/v2\/pages\/10643","targetHints":{"allow":["GET"]}}],"collection":[{"href":"https:\/\/agromotors.az\/az\/wp-json\/wp\/v2\/pages"}],"about":[{"href":"https:\/\/agromotors.az\/az\/wp-json\/wp\/v2\/types\/page"}],"author":[{"embeddable":true,"href":"https:\/\/agromotors.az\/az\/wp-json\/wp\/v2\/users\/1"}],"replies":[{"embeddable":true,"href":"https:\/\/agromotors.az\/az\/wp-json\/wp\/v2\/comments?post=10643"}],"version-history":[{"count":9,"href":"https:\/\/agromotors.az\/az\/wp-json\/wp\/v2\/pages\/10643\/revisions"}],"predecessor-version":[{"id":11012,"href":"https:\/\/agromotors.az\/az\/wp-json\/wp\/v2\/pages\/10643\/revisions\/11012"}],"wp:attachment":[{"href":"https:\/\/agromotors.az\/az\/wp-json\/wp\/v2\/media?parent=10643"}],"curies":[{"name":"wp","href":"https:\/\/api.w.org\/{rel}","templated":true}]}}