{"id":10784,"date":"2024-03-14T15:04:29","date_gmt":"2024-03-14T11:04:29","guid":{"rendered":"https:\/\/agromotors.az\/guarantee\/"},"modified":"2024-04-17T10:33:15","modified_gmt":"2024-04-17T06:33:15","slug":"guarantee","status":"publish","type":"page","link":"https:\/\/agromotors.az\/az\/guarantee\/","title":{"rendered":"Z\u0259man\u0259t"},"content":{"rendered":"<div class=\"wpb-content-wrapper\"><p>[vc_row][vc_column width=&#8221;1\/2&#8243;][vc_single_image image=&#8221;10929&#8243; img_size=&#8221;full&#8221; parallax_scroll=&#8221;no&#8221; woodmart_inline=&#8221;no&#8221;][\/vc_column][vc_column width=&#8221;1\/2&#8243;][vc_column_text woodmart_inline=&#8221;no&#8221; text_larger=&#8221;no&#8221;]Agromotors Azerbaijan sizin m\u0259mnuniyy\u0259tinizin z\u0259man\u0259tidir. Bizd\u0259n John Deere avadanl\u0131\u011f\u0131n\u0131 se\u00e7diyiniz zaman keyfiyy\u0259t, performans v\u0259 etibarl\u0131l\u0131q bax\u0131m\u0131ndan \u0259n yax\u015f\u0131s\u0131n\u0131 \u0259ld\u0259 etdiyiniz\u0259 \u0259min ola bil\u0259rsiniz.<\/p>\n<p>Xidm\u0259t z\u0259man\u0259timiz o dem\u0259kdir ki, biz satd\u0131\u011f\u0131m\u0131z h\u0259r bir m\u0259hsulun arxas\u0131nday\u0131q. Traktorlardan tutmu\u015f qazonbi\u00e7\u0259nl\u0259r\u0259 q\u0259d\u0259r biz investisiyan\u0131z\u0131n John Deere-d\u0259n g\u00f6zl\u0259diyiniz performans\u0131 v\u0259 davaml\u0131l\u0131\u011f\u0131 t\u0259min etdiyin\u0259 \u0259min olma\u011fa q\u0259rarl\u0131y\u0131q. \u018fg\u0259r siz n\u0259 vaxtsa avadanl\u0131qlar\u0131n\u0131zla ba\u011fl\u0131 h\u0259r hans\u0131 probleml\u0259 \u00fczl\u0259\u015fs\u0259niz, komandam\u0131z operativ v\u0259 pe\u015f\u0259kar d\u0259st\u0259k verm\u0259y\u0259 h\u0259mi\u015f\u0259 haz\u0131rd\u0131r.<\/p>\n<p>Agromotors Azerbaijan-\u0131 se\u00e7m\u0259kl\u0259 siz \u00f6z\u00fcn\u00fcz\u0259 etibarl\u0131 t\u0259r\u0259fda\u015f qazanm\u0131\u015f olacaqs\u0131n\u0131z. Bu g\u00fcn biz\u0259 ba\u015f \u00e7\u0259kin v\u0259 John Deere avadanl\u0131\u011f\u0131 v\u0259 xidm\u0259tl\u0259ri \u00fc\u00e7\u00fcn \u201cNiy\u0259 bizi se\u00e7m\u0259lisiniz?\u201d sual\u0131na sizd\u0259 \u0259minlik yaradacaq cavalar\u0131 \u00f6z g\u00fcz\u00fcn\u00fczl\u0259 g\u00f6r\u00fcn.[\/vc_column_text][\/vc_column][\/vc_row]<\/p>\n<\/div>","protected":false},"excerpt":{"rendered":"<p>[vc_row][vc_column width=&#8221;1\/2&#8243;][vc_single_image image=&#8221;10929&#8243; img_size=&#8221;full&#8221; parallax_scroll=&#8221;no&#8221; woodmart_inline=&#8221;no&#8221;][\/vc_column][vc_column width=&#8221;1\/2&#8243;][vc_column_text woodmart_inline=&#8221;no&#8221; text_larger=&#8221;no&#8221;]Agromotors Azerbaijan sizin m\u0259mnuniyy\u0259tinizin z\u0259man\u0259tidir. Bizd\u0259n John Deere avadanl\u0131\u011f\u0131n\u0131 se\u00e7diyiniz zaman keyfiyy\u0259t,<\/p>\n","protected":false},"author":1,"featured_media":0,"parent":0,"menu_order":0,"comment_status":"closed","ping_status":"closed","template":"","meta":{"footnotes":""},"class_list":["post-10784","page","type-page","status-publish","hentry"],"_links":{"self":[{"href":"https:\/\/agromotors.az\/az\/wp-json\/wp\/v2\/pages\/10784","targetHints":{"allow":["GET"]}}],"collection":[{"href":"https:\/\/agromotors.az\/az\/wp-json\/wp\/v2\/pages"}],"about":[{"href":"https:\/\/agromotors.az\/az\/wp-json\/wp\/v2\/types\/page"}],"author":[{"embeddable":true,"href":"https:\/\/agromotors.az\/az\/wp-json\/wp\/v2\/users\/1"}],"replies":[{"embeddable":true,"href":"https:\/\/agromotors.az\/az\/wp-json\/wp\/v2\/comments?post=10784"}],"version-history":[{"count":3,"href":"https:\/\/agromotors.az\/az\/wp-json\/wp\/v2\/pages\/10784\/revisions"}],"predecessor-version":[{"id":10953,"href":"https:\/\/agromotors.az\/az\/wp-json\/wp\/v2\/pages\/10784\/revisions\/10953"}],"wp:attachment":[{"href":"https:\/\/agromotors.az\/az\/wp-json\/wp\/v2\/media?parent=10784"}],"curies":[{"name":"wp","href":"https:\/\/api.w.org\/{rel}","templated":true}]}}