{"id":10786,"date":"2024-03-14T15:03:07","date_gmt":"2024-03-14T11:03:07","guid":{"rendered":"https:\/\/agromotors.az\/sales\/"},"modified":"2024-05-15T05:49:31","modified_gmt":"2024-05-15T01:49:31","slug":"product","status":"publish","type":"page","link":"https:\/\/agromotors.az\/az\/product\/","title":{"rendered":"M\u0259hsullar"},"content":{"rendered":"<div class=\"wpb-content-wrapper\"><p>[vc_row][vc_column width=&#8221;1\/2&#8243;][vc_single_image image=&#8221;10917&#8243; img_size=&#8221;full&#8221; parallax_scroll=&#8221;no&#8221; woodmart_inline=&#8221;no&#8221;][\/vc_column][vc_column width=&#8221;1\/2&#8243;][vc_column_text css=&#8221;&#8221; woodmart_inline=&#8221;no&#8221; text_larger=&#8221;no&#8221;]Agromotors Azerbaijan \u015firk\u0259ti birinci d\u0259r\u0259c\u0259li John Deere avadanl\u0131qlar\u0131n\u0131 almaq \u00fc\u00e7\u00fcn son \u00fcnvan\u0131n\u0131zd\u0131r. Yenilik\u00e7iliyi v\u0259 etibarl\u0131l\u0131\u011f\u0131 il\u0259 tan\u0131nan John Deere n\u0259sill\u0259r boyu k\u0259nd t\u0259s\u0259rr\u00fcfat\u0131 v\u0259 abadl\u0131q sektorlar\u0131nda etibarl\u0131 ad olmu\u015fdur. Agromotors Azerbaijan-da biz b\u00fct\u00fcn \u0259kin\u00e7ilik, abadl\u0131q v\u0259 ya\u015fay\u0131\u015f ehtiyaclar\u0131n\u0131z\u0131 \u00f6d\u0259m\u0259k \u00fc\u00e7\u00fcn haz\u0131rlanm\u0131\u015f John Deere avadanl\u0131\u011f\u0131n\u0131n geni\u015f se\u00e7imini t\u0259min etm\u0259y\u0259 sadiqik.<\/p>\n<p>Etibarl\u0131 traktorlardan v\u0259 s\u0259m\u0259r\u0259li kombaynlardan tutmu\u015f d\u0259qiq qazonbi\u00e7\u0259nl\u0259r\u0259 v\u0259 \u00e7oxfunksiyal\u0131 avtomobill\u0259r\u0259 q\u0259d\u0259r, \u00f6l\u00e7\u00fcs\u00fcnd\u0259n v\u0259 m\u00fcr\u0259kk\u0259bliyind\u0259n as\u0131l\u0131 olmayaraq, h\u0259r bir i\u015f\u0259 uy\u011fun geni\u015f \u00e7e\u015fidd\u0259 h\u0259ll\u0259r t\u0259klif edirik. T\u0259cr\u00fcb\u0259li pe\u015f\u0259karlardan ibar\u0259t komandam\u0131z sizin unikal t\u0259l\u0259bl\u0259riniz\u0259 uy\u011fun m\u00fck\u0259mm\u0259l ma\u015f\u0131n\u0131 tapma\u011f\u0131n\u0131za k\u00f6m\u0259k etm\u0259k, John Deere il\u0259 sinonim olan b\u0259nz\u0259rsiz performans, s\u0259m\u0259r\u0259lilik v\u0259 davaml\u0131l\u0131q \u0259ld\u0259 etm\u0259yinizi t\u0259min etm\u0259k \u00f6hd\u0259liyi g\u00f6t\u00fcr\u00fcr.<\/p>\n<p>Agromotors Azerbaijan \u00fcnvan\u0131nda yerl\u0259\u015f\u0259n John Deere avadanl\u0131\u011f\u0131 d\u00fcnyas\u0131na s\u0259yah\u0259t edin. Fermerl\u0259rin, land\u015faft t\u0259rtibatlar\u0131n\u0131n v\u0259 ev sahibl\u0259rinin niy\u0259 davaml\u0131 olaraq John Deere avadanl\u0131\u011f\u0131na etibar etdikl\u0259rini \u00f6yr\u0259nin v\u0259 t\u0259klif etdiyimiz h\u0259r bir ma\u015f\u0131nda etibarl\u0131l\u0131q v\u0259 performans zirv\u0259sinin \u015fahidi olun.[\/vc_column_text][\/vc_column][\/vc_row]<\/p>\n<\/div>","protected":false},"excerpt":{"rendered":"<p>[vc_row][vc_column width=&#8221;1\/2&#8243;][vc_single_image image=&#8221;10917&#8243; img_size=&#8221;full&#8221; parallax_scroll=&#8221;no&#8221; woodmart_inline=&#8221;no&#8221;][\/vc_column][vc_column width=&#8221;1\/2&#8243;][vc_column_text css=&#8221;&#8221; woodmart_inline=&#8221;no&#8221; text_larger=&#8221;no&#8221;]Agromotors Azerbaijan \u015firk\u0259ti birinci d\u0259r\u0259c\u0259li John Deere avadanl\u0131qlar\u0131n\u0131 almaq \u00fc\u00e7\u00fcn son<\/p>\n","protected":false},"author":1,"featured_media":0,"parent":0,"menu_order":0,"comment_status":"closed","ping_status":"closed","template":"","meta":{"footnotes":""},"class_list":["post-10786","page","type-page","status-publish","hentry"],"_links":{"self":[{"href":"https:\/\/agromotors.az\/az\/wp-json\/wp\/v2\/pages\/10786","targetHints":{"allow":["GET"]}}],"collection":[{"href":"https:\/\/agromotors.az\/az\/wp-json\/wp\/v2\/pages"}],"about":[{"href":"https:\/\/agromotors.az\/az\/wp-json\/wp\/v2\/types\/page"}],"author":[{"embeddable":true,"href":"https:\/\/agromotors.az\/az\/wp-json\/wp\/v2\/users\/1"}],"replies":[{"embeddable":true,"href":"https:\/\/agromotors.az\/az\/wp-json\/wp\/v2\/comments?post=10786"}],"version-history":[{"count":8,"href":"https:\/\/agromotors.az\/az\/wp-json\/wp\/v2\/pages\/10786\/revisions"}],"predecessor-version":[{"id":10988,"href":"https:\/\/agromotors.az\/az\/wp-json\/wp\/v2\/pages\/10786\/revisions\/10988"}],"wp:attachment":[{"href":"https:\/\/agromotors.az\/az\/wp-json\/wp\/v2\/media?parent=10786"}],"curies":[{"name":"wp","href":"https:\/\/api.w.org\/{rel}","templated":true}]}}