{"id":10788,"date":"2024-03-14T15:03:48","date_gmt":"2024-03-14T11:03:48","guid":{"rendered":"https:\/\/agromotors.az\/spare-parts-sales\/"},"modified":"2024-05-15T05:42:54","modified_gmt":"2024-05-15T01:42:54","slug":"original-spare-parts","status":"publish","type":"page","link":"https:\/\/agromotors.az\/az\/original-spare-parts\/","title":{"rendered":"Original ehtiyyat hiss\u0259l\u0259ri"},"content":{"rendered":"<div class=\"wpb-content-wrapper\"><p>[vc_row][vc_column width=&#8221;1\/2&#8243;][vc_single_image image=&#8221;10979&#8243; img_size=&#8221;full&#8221; css=&#8221;&#8221; parallax_scroll=&#8221;no&#8221; woodmart_inline=&#8221;no&#8221;][\/vc_column][vc_column width=&#8221;1\/2&#8243;][vc_column_text css=&#8221;&#8221; woodmart_inline=&#8221;no&#8221; text_larger=&#8221;no&#8221;]Texnikalar\u0131n\u0131z \u00fc\u00e7\u00fcn orijinal hiss\u0259l\u0259ri \u0259ld\u0259 edin. Optimal performans v\u0259 uzun \u00f6m\u00fcr t\u0259min etm\u0259k \u00fc\u00e7\u00fcn orijinal ehtiyat hiss\u0259l\u0259ri t\u0259klif edirik.[\/vc_column_text][\/vc_column][\/vc_row]<\/p>\n<\/div>","protected":false},"excerpt":{"rendered":"<p>[vc_row][vc_column width=&#8221;1\/2&#8243;][vc_single_image image=&#8221;10979&#8243; img_size=&#8221;full&#8221; css=&#8221;&#8221; parallax_scroll=&#8221;no&#8221; woodmart_inline=&#8221;no&#8221;][\/vc_column][vc_column width=&#8221;1\/2&#8243;][vc_column_text css=&#8221;&#8221; woodmart_inline=&#8221;no&#8221; text_larger=&#8221;no&#8221;]Texnikalar\u0131n\u0131z \u00fc\u00e7\u00fcn orijinal hiss\u0259l\u0259ri \u0259ld\u0259 edin. Optimal performans v\u0259 uzun<\/p>\n","protected":false},"author":1,"featured_media":0,"parent":0,"menu_order":0,"comment_status":"closed","ping_status":"closed","template":"","meta":{"footnotes":""},"class_list":["post-10788","page","type-page","status-publish","hentry"],"_links":{"self":[{"href":"https:\/\/agromotors.az\/az\/wp-json\/wp\/v2\/pages\/10788","targetHints":{"allow":["GET"]}}],"collection":[{"href":"https:\/\/agromotors.az\/az\/wp-json\/wp\/v2\/pages"}],"about":[{"href":"https:\/\/agromotors.az\/az\/wp-json\/wp\/v2\/types\/page"}],"author":[{"embeddable":true,"href":"https:\/\/agromotors.az\/az\/wp-json\/wp\/v2\/users\/1"}],"replies":[{"embeddable":true,"href":"https:\/\/agromotors.az\/az\/wp-json\/wp\/v2\/comments?post=10788"}],"version-history":[{"count":4,"href":"https:\/\/agromotors.az\/az\/wp-json\/wp\/v2\/pages\/10788\/revisions"}],"predecessor-version":[{"id":10984,"href":"https:\/\/agromotors.az\/az\/wp-json\/wp\/v2\/pages\/10788\/revisions\/10984"}],"wp:attachment":[{"href":"https:\/\/agromotors.az\/az\/wp-json\/wp\/v2\/media?parent=10788"}],"curies":[{"name":"wp","href":"https:\/\/api.w.org\/{rel}","templated":true}]}}